{"id":3812,"date":"2025-08-23T17:47:11","date_gmt":"2025-08-23T20:47:11","guid":{"rendered":"https:\/\/messier.com.br\/?page_id=3812"},"modified":"2025-10-27T16:59:30","modified_gmt":"2025-10-27T19:59:30","slug":"patrulha-canina","status":"publish","type":"page","link":"https:\/\/messier.com.br\/en\/patrulha-canina\/","title":{"rendered":"Patrulha Canina"},"content":{"rendered":"\t\t<div data-elementor-type=\"wp-page\" data-elementor-id=\"3812\" class=\"elementor elementor-3812\" data-elementor-post-type=\"page\">\n\t\t\t\t<div class=\"elementor-element elementor-element-26de61ee e-flex e-con-boxed e-con e-child\" data-id=\"26de61ee\" data-element_type=\"container\" data-e-type=\"container\" data-settings=\"{&quot;background_background&quot;:&quot;classic&quot;,&quot;jet_parallax_layout_list&quot;:[]}\">\n\t\t\t\t\t<div class=\"e-con-inner\">\n\t\t<div class=\"elementor-element elementor-element-135cf91e e-con-full e-flex e-con e-child\" data-id=\"135cf91e\" data-element_type=\"container\" data-e-type=\"container\" data-settings=\"{&quot;jet_parallax_layout_list&quot;:[]}\">\n\t\t\t\t<div class=\"elementor-element elementor-element-393c3e6f elementor-widget elementor-widget-heading\" data-id=\"393c3e6f\" data-element_type=\"widget\" data-e-type=\"widget\" data-widget_type=\"heading.default\">\n\t\t\t\t\t<h2 class=\"elementor-heading-title elementor-size-default\">Patrulha <br> Canina<\/h2>\t\t\t\t<\/div>\n\t\t\t\t<div class=\"elementor-element elementor-element-3a3c1e37 elementor-widget elementor-widget-text-editor\" data-id=\"3a3c1e37\" data-element_type=\"widget\" data-e-type=\"widget\" data-widget_type=\"text-editor.default\">\n\t\t\t\t\t\t\t\t\t<p style=\"font-size:25px\">Para eventos em shoppings, desenvolvemos experi\u00eancias interativas inspiradas na Patrulha Canina, utilizando a tecnologia do Kinect para envolver o p\u00fablico infantil em diferentes\ndesafios.<\/p>\t\t\t\t\t\t\t\t<\/div>\n\t\t\t\t<div class=\"elementor-element elementor-element-dc3d5a5 elementor-widget__width-initial elementor-widget elementor-widget-button\" data-id=\"dc3d5a5\" data-element_type=\"widget\" data-e-type=\"widget\" data-widget_type=\"button.default\">\n\t\t\t\t\t\t\t\t\t\t<a class=\"elementor-button elementor-button-link elementor-size-sm elementor-animation-shrink\" href=\"https:\/\/messier.com.br\/\">\n\t\t\t\t\t\t<span class=\"elementor-button-content-wrapper\">\n\t\t\t\t\t\t<span class=\"elementor-button-icon\">\n\t\t\t\t<svg xmlns=\"http:\/\/www.w3.org\/2000\/svg\" xmlns:xlink=\"http:\/\/www.w3.org\/1999\/xlink\" id=\"Capa_1\" x=\"0px\" y=\"0px\" viewBox=\"0 0 512.002 512.002\" style=\"enable-background:new 0 0 512.002 512.002;\" xml:space=\"preserve\"><g>\t<g>\t\t<path d=\"M388.425,241.951L151.609,5.79c-7.759-7.733-20.321-7.72-28.067,0.04c-7.74,7.759-7.72,20.328,0.04,28.067l222.72,222.105    L123.574,478.106c-7.759,7.74-7.779,20.301-0.04,28.061c3.883,3.89,8.97,5.835,14.057,5.835c5.074,0,10.141-1.932,14.017-5.795    l236.817-236.155c3.737-3.718,5.834-8.778,5.834-14.05S392.156,245.676,388.425,241.951z\"><\/path>\t<\/g><\/g><g><\/g><g><\/g><g><\/g><g><\/g><g><\/g><g><\/g><g><\/g><g><\/g><g><\/g><g><\/g><g><\/g><g><\/g><g><\/g><g><\/g><g><\/g><\/svg>\t\t\t<\/span>\n\t\t\t\t\t\t\t\t\t<span class=\"elementor-button-text\">P\u00e1gina inicial<\/span>\n\t\t\t\t\t<\/span>\n\t\t\t\t\t<\/a>\n\t\t\t\t\t\t\t\t<\/div>\n\t\t\t\t<\/div>\n\t\t<div class=\"elementor-element elementor-element-6ea3303a e-flex e-con-boxed e-con e-child\" data-id=\"6ea3303a\" data-element_type=\"container\" data-e-type=\"container\" data-settings=\"{&quot;jet_parallax_layout_list&quot;:[]}\">\n\t\t\t\t\t<div class=\"e-con-inner\">\n\t\t\t\t<div class=\"elementor-element elementor-element-31620265 elementor-widget elementor-widget-image\" data-id=\"31620265\" data-element_type=\"widget\" data-e-type=\"widget\" data-widget_type=\"image.default\">\n\t\t\t\t\t\t\t\t\t\t\t\t\t\t\t<img decoding=\"async\" src=\"https:\/\/messier.com.br\/wp-content\/uploads\/elementor\/thumbs\/patrulha-canina-centro-rdu7jfd59yli7nd1byu7sr3bdniub1pupeq18y4mls.png\" title=\"PATRULHA CANINA &#8211; Centro\" alt=\"PATRULHA CANINA - Centro\" loading=\"lazy\" \/>\t\t\t\t\t\t\t\t\t\t\t\t\t\t\t<\/div>\n\t\t\t\t\t<\/div>\n\t\t\t\t<\/div>\n\t\t\t\t\t<\/div>\n\t\t\t\t<\/div>\n\t\t\t\t<section class=\"elementor-section elementor-top-section elementor-element elementor-element-16b17a2f elementor-section-boxed elementor-section-height-default elementor-section-height-default\" data-id=\"16b17a2f\" data-element_type=\"section\" data-e-type=\"section\" data-settings=\"{&quot;background_background&quot;:&quot;classic&quot;,&quot;jet_parallax_layout_list&quot;:[]}\">\n\t\t\t\t\t\t<div class=\"elementor-container elementor-column-gap-default\">\n\t\t\t\t\t<div class=\"elementor-column elementor-col-50 elementor-top-column elementor-element elementor-element-1f3caff8 elementor-hidden-mobile\" data-id=\"1f3caff8\" data-element_type=\"column\" data-e-type=\"column\">\n\t\t\t<div class=\"elementor-widget-wrap elementor-element-populated\">\n\t\t\t\t\t\t<div class=\"elementor-element elementor-element-50f72d3c elementor-absolute elementor-widget-tablet__width-initial elementor-widget-mobile__width-initial elementor-hidden-tablet elementor-widget elementor-widget-image\" data-id=\"50f72d3c\" data-element_type=\"widget\" data-e-type=\"widget\" data-settings=\"{&quot;_position&quot;:&quot;absolute&quot;,&quot;motion_fx_motion_fx_scrolling&quot;:&quot;yes&quot;,&quot;motion_fx_translateY_effect&quot;:&quot;yes&quot;,&quot;motion_fx_translateY_speed&quot;:{&quot;unit&quot;:&quot;px&quot;,&quot;size&quot;:3.4,&quot;sizes&quot;:[]},&quot;motion_fx_translateY_affectedRange&quot;:{&quot;unit&quot;:&quot;%&quot;,&quot;size&quot;:&quot;&quot;,&quot;sizes&quot;:{&quot;start&quot;:11,&quot;end&quot;:55}},&quot;motion_fx_translateY_direction&quot;:&quot;negative&quot;,&quot;motion_fx_devices&quot;:[&quot;desktop&quot;,&quot;tablet&quot;,&quot;mobile&quot;]}\" data-widget_type=\"image.default\">\n\t\t\t\t\t\t\t\t\t\t\t\t\t\t\t<img fetchpriority=\"high\" decoding=\"async\" width=\"768\" height=\"432\" src=\"https:\/\/messier.com.br\/wp-content\/uploads\/2025\/10\/patrulha-canina-inferior-768x432.png\" class=\"attachment-medium_large size-medium_large wp-image-4698\" alt=\"\" srcset=\"https:\/\/messier.com.br\/wp-content\/uploads\/2025\/10\/patrulha-canina-inferior-768x432.png 768w, https:\/\/messier.com.br\/wp-content\/uploads\/2025\/10\/patrulha-canina-inferior-300x169.png 300w, https:\/\/messier.com.br\/wp-content\/uploads\/2025\/10\/patrulha-canina-inferior-1024x576.png 1024w, https:\/\/messier.com.br\/wp-content\/uploads\/2025\/10\/patrulha-canina-inferior-1536x864.png 1536w, https:\/\/messier.com.br\/wp-content\/uploads\/2025\/10\/patrulha-canina-inferior-18x10.png 18w, https:\/\/messier.com.br\/wp-content\/uploads\/2025\/10\/patrulha-canina-inferior.png 1920w\" sizes=\"(max-width: 768px) 100vw, 768px\" \/>\t\t\t\t\t\t\t\t\t\t\t\t\t\t\t<\/div>\n\t\t\t\t\t<\/div>\n\t\t<\/div>\n\t\t\t\t<div class=\"elementor-column elementor-col-50 elementor-top-column elementor-element elementor-element-2b95ee4c\" data-id=\"2b95ee4c\" data-element_type=\"column\" data-e-type=\"column\">\n\t\t\t<div class=\"elementor-widget-wrap elementor-element-populated\">\n\t\t\t\t\t\t<section class=\"elementor-section elementor-inner-section elementor-element elementor-element-3b5ac427 elementor-section-boxed elementor-section-height-default elementor-section-height-default\" data-id=\"3b5ac427\" data-element_type=\"section\" data-e-type=\"section\" data-settings=\"{&quot;motion_fx_motion_fx_scrolling&quot;:&quot;yes&quot;,&quot;motion_fx_opacity_effect&quot;:&quot;yes&quot;,&quot;motion_fx_opacity_range&quot;:{&quot;unit&quot;:&quot;%&quot;,&quot;size&quot;:&quot;&quot;,&quot;sizes&quot;:{&quot;start&quot;:&quot;0&quot;,&quot;end&quot;:&quot;50&quot;}},&quot;motion_fx_devices&quot;:[&quot;desktop&quot;,&quot;tablet&quot;],&quot;jet_parallax_layout_list&quot;:[],&quot;motion_fx_opacity_direction&quot;:&quot;out-in&quot;,&quot;motion_fx_opacity_level&quot;:{&quot;unit&quot;:&quot;px&quot;,&quot;size&quot;:10,&quot;sizes&quot;:[]}}\">\n\t\t\t\t\t\t<div class=\"elementor-container elementor-column-gap-default\">\n\t\t\t\t\t<div class=\"elementor-column elementor-col-50 elementor-inner-column elementor-element elementor-element-1c8af9a6\" data-id=\"1c8af9a6\" data-element_type=\"column\" data-e-type=\"column\">\n\t\t\t<div class=\"elementor-widget-wrap elementor-element-populated\">\n\t\t\t\t\t\t<div class=\"elementor-element elementor-element-7b7d7eb5 elementor-view-default elementor-position-block-start elementor-mobile-position-block-start elementor-widget elementor-widget-icon-box\" data-id=\"7b7d7eb5\" data-element_type=\"widget\" data-e-type=\"widget\" data-widget_type=\"icon-box.default\">\n\t\t\t\t\t\t\t<div class=\"elementor-icon-box-wrapper\">\n\n\t\t\t\t\t\t<div class=\"elementor-icon-box-icon\">\n\t\t\t\t<span  class=\"elementor-icon\">\n\t\t\t\t<svg xmlns=\"http:\/\/www.w3.org\/2000\/svg\" id=\"Capa_1\" height=\"512\" viewBox=\"0 0 512 512\" width=\"512\"><g><path d=\"m46.701 243.118-43.417 137.94c-14.218 45.172 19.515 91.155 66.872 91.155h50.53l32.792-98.377z\" fill=\"#fa3778\"><\/path><path d=\"m508.716 381.058-43.418-137.939-106.764 130.754 32.78 98.34h50.53c47.357 0 81.09-45.983 66.872-91.155z\" fill=\"#db0084\"><\/path><path d=\"m192 160.339h-32.46c-51.655 0-97.327 33.516-112.84 82.775-19.885 62.673 25.042 126.606 89.503 130.721l119.797.027 23.895-93.818-23.895-55.634z\" fill=\"#ff9659\"><\/path><path d=\"m375.094 373.876-119.094-.014v-149.452l64-64.071h32.46c51.655 0 97.327 33.516 112.84 82.775 19.967 62.904-25.367 127.08-90.206 130.762z\" fill=\"#fa3778\"><\/path><circle cx=\"178.799\" cy=\"374.043\" fill=\"#5c5a9b\" r=\"42.966\"><\/circle><circle cx=\"333.2\" cy=\"374.043\" fill=\"#333175\" r=\"42.966\"><\/circle><path d=\"m191.607 244.662h-22.982v-22.982h-30v22.982h-22.982v30h22.982v22.982h30v-22.982h22.982z\" fill=\"#5c5a9b\"><\/path><path d=\"m396.357 244.662h-22.982v-22.982h-30v22.982h-22.982v30h22.982v22.982h30v-22.982h22.982z\" fill=\"#333175\"><\/path><path d=\"m210.875 282.691h30v30h-30z\" fill=\"#f5f5fc\"><\/path><path d=\"m271.125 282.691h30v30h-30z\" fill=\"#dedef5\"><\/path><path d=\"m277.302 192.372-21.302 32.035h-32l-32-64.07 64 .04z\" fill=\"#fa3778\"><\/path><path d=\"m320 160.407-32 64h-32v-64.03z\" fill=\"#db0084\"><\/path><path d=\"m256 100.037c-12.05 0-23.39 4.7-31.91 13.22l21.21 21.21c2.86-2.85 6.66-4.43 10.7-4.43l10.559-12.785z\" fill=\"#1ae2ff\"><\/path><path d=\"m256 39.787c-28.15 0-54.61 10.96-74.51 30.87l21.21 21.21c14.24-14.24 33.17-22.08 53.3-22.08l23.156-13.556z\" fill=\"#1ae2ff\"><\/path><g fill=\"#00afff\"><path d=\"m256 100.037c12.05 0 23.39 4.7 31.91 13.22l-21.21 21.21c-2.86-2.85-6.66-4.43-10.7-4.43z\"><\/path><path d=\"m330.51 70.657-21.21 21.21c-14.24-14.24-33.17-22.08-53.3-22.08v-30c28.15 0 54.61 10.96 74.51 30.87z\"><\/path><\/g><\/g><\/svg>\t\t\t\t<\/span>\n\t\t\t<\/div>\n\t\t\t\n\t\t\t\t\t\t<div class=\"elementor-icon-box-content\">\n\n\t\t\t\t\t\t\t\t\t<h3 class=\"elementor-icon-box-title\">\n\t\t\t\t\t\t<span  >\n\t\t\t\t\t\t\tExperi\u00eancia\t\t\t\t\t\t<\/span>\n\t\t\t\t\t<\/h3>\n\t\t\t\t\n\t\t\t\t\t\t\t\t\t<p class=\"elementor-icon-box-description\">\n\t\t\t\t\t\t<p>Entre as atividades, as crian\u00e7as podiam resolver puzzles de encanamento, posicionando\ncorretamente os canos para conduzir a \u00e1gua at\u00e9 o destino certo, ou assumir o controle de\numa das personagens voadoras, precisando desviar de obst\u00e1culos em pleno voo.\n<\/p>\t\t\t\t\t<\/p>\n\t\t\t\t\n\t\t\t<\/div>\n\t\t\t\n\t\t<\/div>\n\t\t\t\t\t\t<\/div>\n\t\t\t\t\t<\/div>\n\t\t<\/div>\n\t\t\t\t<div class=\"elementor-column elementor-col-50 elementor-inner-column elementor-element elementor-element-68794930\" data-id=\"68794930\" data-element_type=\"column\" data-e-type=\"column\">\n\t\t\t<div class=\"elementor-widget-wrap elementor-element-populated\">\n\t\t\t\t\t\t<div class=\"elementor-element elementor-element-7eae8aa2 elementor-view-default elementor-position-block-start elementor-mobile-position-block-start elementor-widget elementor-widget-icon-box\" data-id=\"7eae8aa2\" data-element_type=\"widget\" data-e-type=\"widget\" data-widget_type=\"icon-box.default\">\n\t\t\t\t\t\t\t<div class=\"elementor-icon-box-wrapper\">\n\n\t\t\t\t\t\t<div class=\"elementor-icon-box-icon\">\n\t\t\t\t<span  class=\"elementor-icon\">\n\t\t\t\t<svg xmlns=\"http:\/\/www.w3.org\/2000\/svg\" id=\"Capa_1\" height=\"512\" viewBox=\"0 0 512 512\" width=\"512\"><g><g><path d=\"m393.963 247.053h87.902v36.205h-87.902z\" fill=\"#c77e67\" transform=\"matrix(.5 -.866 .866 .5 -10.674 511.822)\"><\/path><path d=\"m421.67 334.255-2.607 4.508c-6.8 11.783-8.058 24.974-4.455 35.64.061.163.101.335.142.508.071.311.114.629.129.948.015.318.004.634-.036.95-.091.741-.336 1.462-.712 2.121l-57.117 98.929-66.159-30.578 60.415-104.643c.335-.589.771-1.096 1.289-1.522.061-.051.122-.116.193-.157.396-.294.822-.544 1.279-.717.112-.051.233-.101.355-.132.183-.061.376-.11.569-.151 1.035-.203 2.07-.468 3.095-.762.69-.203 1.37-.426 2.05-.67 1.015-.365 2.03-.781 3.034-1.228.995-.456 1.989-.964 2.963-1.502 2.283-1.278 4.496-2.78 6.586-4.516.599-.498 1.187-1.015 1.766-1.543 3.481-3.197 6.585-7.042 9.143-11.456l2.6-4.508z\" fill=\"#ddebfd\"><\/path><path d=\"m365.873 389.931-41.934 72.645-33.085-15.294 60.415-104.643c.335-.589.771-1.096 1.289-1.522.061-.061.122-.106.193-.157z\" fill=\"#edf6ff\"><\/path><path d=\"m414.843 376.809c.099-.806.026-1.626-.235-2.405-3.607-10.668-2.349-23.856 4.455-35.64l2.607-4.508-35.477-20.48-2.6 4.508c-6.804 11.785-17.596 19.467-28.638 21.677-.806.163-1.554.51-2.203 1l13.122 48.971z\" fill=\"#cce1ff\"><\/path><path d=\"m434.748 194.524c-4.753 8.232-2.674 18.331 4.644 22.556l39.417 22.757c7.318 4.225 17.103.977 21.856-7.256 4.753-8.232 2.674-18.331-4.644-22.556l-39.417-22.757c-7.318-4.225-17.103-.977-21.856 7.256z\" fill=\"#eec06b\"><\/path><path d=\"m356.951 294.945 10.768-18.651c1.685-2.918 5.415-3.917 8.333-2.233l85.08 49.121c2.918 1.684 3.917 5.415 2.233 8.333l-10.768 18.651c-1.684 2.918-5.415 3.917-8.333 2.233l-85.08-49.121c-2.918-1.685-3.918-5.415-2.233-8.333z\" fill=\"#8c818f\"><\/path><\/g><path d=\"m245.905 20.855h30.144v393.271h-30.144z\" fill=\"#8c818f\"><\/path><path d=\"m426.395 0h-180.49v144.873h180.49c7.276 0 10.977-8.746 5.91-13.969l-51.161-52.734c-3.099-3.195-3.099-8.273 0-11.468l51.161-52.734c5.067-5.222 1.366-13.968-5.91-13.968z\" fill=\"#df646e\"><\/path><path d=\"m381.144 78.17c-3.099-3.194-3.099-8.274 0-11.468l51.161-52.734c5.067-5.222 1.366-13.968-5.91-13.968h-35.989c7.276 0 10.977 8.746 5.91 13.969l-51.161 52.734c-3.099 3.194-3.099 8.274 0 11.468l51.161 52.734c5.067 5.222 1.366 13.969-5.91 13.969h35.989c7.276 0 10.977-8.746 5.91-13.969z\" fill=\"#dc4955\"><\/path><path d=\"m444.232 504.388h-366.509c34.333-61.176 103.506-102.968 183.254-102.968s148.922 41.792 183.255 102.968z\" fill=\"#f4ddb1\"><\/path><path d=\"m260.977 401.42c-7.8 0-15.498.405-23.073 1.184 69.872 7.182 129.207 46.591 160.181 101.784h46.146c-34.332-61.176-103.506-102.968-183.254-102.968z\" fill=\"#efcb83\"><\/path><g><path d=\"m32.842 287.884c-7.652 0-14.461 4.964-16.693 12.283-4.789 15.706-7.366 32.376-7.366 49.65 0 67.097 38.861 125.102 95.297 152.778 4.874 2.39 10.581 2.39 15.455 0 56.435-27.677 95.297-85.682 95.297-152.778 0-17.274-2.577-33.944-7.366-49.65-2.232-7.32-9.041-12.283-16.693-12.283z\" fill=\"#eec06b\"><\/path><path d=\"m207.465 300.168c-2.029-6.654-7.844-11.348-14.633-12.148 2.056 10.567 3.14 21.481 3.14 32.65 0 67.097-38.861 125.102-95.296 152.778-4.874 2.39-10.582 2.39-15.455 0-22.577-11.072-42.33-27.008-57.919-46.429 16.72 32.747 43.727 59.368 76.778 75.576 4.874 2.39 10.582 2.39 15.455 0 56.435-27.676 95.297-85.682 95.297-152.778-.001-17.273-2.578-33.943-7.367-49.649z\" fill=\"#e9a52d\"><\/path><path d=\"m114.813 470.615c-1.86 1.081-4.15 1.081-6.01 0-19.345-11.239-35.762-26.982-47.85-45.974-14.212-22.329-21.724-48.202-21.724-74.824 0-9.016.855-17.955 2.55-26.711.537-2.776 2.98-4.777 5.807-4.777h128.443c2.827 0 5.27 2.001 5.807 4.777 1.695 8.756 2.55 17.695 2.55 26.711 0 26.621-7.512 52.495-21.724 74.824-12.088 18.993-28.506 34.736-47.849 45.974z\" fill=\"#c77e67\"><\/path><path d=\"m107.543 469.858c.421.251.836.511 1.26.757 1.86 1.081 4.15 1.081 6.01 0 19.343-11.238 35.761-26.982 47.849-45.974 3.218-5.056 6.074-10.303 8.596-15.69-15.506 25.467-37.508 46.535-63.715 60.907z\" fill=\"#be694e\"><\/path><path d=\"m163.741 422.876-104.545-104.546h-11.61c-2.569 0-4.803 1.66-5.597 4.044.299.476.649.928 1.063 1.342l111.056 111.056c.276.276.573.516.877.741 2.719-3.493 5.285-7.115 7.676-10.872.371-.583.719-1.178 1.08-1.765z\" fill=\"#e9a52d\"><\/path><path d=\"m162.622 421.757c-3.041 4.105-6.266 8.063-9.656 11.873l1.142 1.142c.276.276.573.516.877.741 3.7-4.753 6.311-8.666 8.755-12.637z\" fill=\"#e69824\"><\/path><path d=\"m111.807 354.251c-15.164 0-27.456 12.292-27.456 27.456s12.293 27.456 27.456 27.456 27.456-12.293 27.456-27.456c0-15.164-12.292-27.456-27.456-27.456z\" fill=\"#eec06b\"><\/path><\/g><path d=\"m480.937 512h-439.919c-4.204 0-7.611-3.407-7.611-7.611s3.408-7.612 7.611-7.612h439.919c4.204 0 7.612 3.407 7.612 7.612s-3.409 7.611-7.612 7.611z\" fill=\"#efcb83\"><\/path><\/g><\/svg>\t\t\t\t<\/span>\n\t\t\t<\/div>\n\t\t\t\n\t\t\t\t\t\t<div class=\"elementor-icon-box-content\">\n\n\t\t\t\t\t\t\t\t\t<h3 class=\"elementor-icon-box-title\">\n\t\t\t\t\t\t<span  >\n\t\t\t\t\t\t\tResultado\t\t\t\t\t\t<\/span>\n\t\t\t\t\t<\/h3>\n\t\t\t\t\n\t\t\t\t\t\t\t\t\t<p class=\"elementor-icon-box-description\">\n\t\t\t\t\t\t<p>O projeto combinou movimento f\u00edsico, racioc\u00ednio l\u00f3gico e divers\u00e3o, transformando o contato\ncom a marca em uma viv\u00eancia l\u00fadica, educativa e inesquec\u00edvel para as fam\u00edlias.\n<\/p>\t\t\t\t\t<\/p>\n\t\t\t\t\n\t\t\t<\/div>\n\t\t\t\n\t\t<\/div>\n\t\t\t\t\t\t<\/div>\n\t\t\t\t\t<\/div>\n\t\t<\/div>\n\t\t\t\t\t<\/div>\n\t\t<\/section>\n\t\t\t\t\t<\/div>\n\t\t<\/div>\n\t\t\t\t\t<\/div>\n\t\t<\/section>\n\t\t\t\t<section class=\"elementor-section elementor-top-section elementor-element elementor-element-49ceeee5 elementor-section-boxed elementor-section-height-default elementor-section-height-default\" data-id=\"49ceeee5\" data-element_type=\"section\" data-e-type=\"section\" data-settings=\"{&quot;background_background&quot;:&quot;classic&quot;,&quot;jet_parallax_layout_list&quot;:[]}\">\n\t\t\t\t\t\t\t<div class=\"elementor-background-overlay\"><\/div>\n\t\t\t\t\t\t\t<div class=\"elementor-container elementor-column-gap-default\">\n\t\t\t\t\t<div class=\"elementor-column elementor-col-100 elementor-top-column elementor-element elementor-element-3caa7cdf\" data-id=\"3caa7cdf\" data-element_type=\"column\" data-e-type=\"column\">\n\t\t\t<div class=\"elementor-widget-wrap elementor-element-populated\">\n\t\t\t\t\t\t<div class=\"elementor-element elementor-element-254ee918 elementor-widget elementor-widget-heading\" data-id=\"254ee918\" data-element_type=\"widget\" data-e-type=\"widget\" data-widget_type=\"heading.default\">\n\t\t\t\t\t<h2 class=\"elementor-heading-title elementor-size-default\">Pronto para criar algo incr\u00edvel com a sua marca? Fale com a gente!<\/h2>\t\t\t\t<\/div>\n\t\t\t\t<div class=\"elementor-element elementor-element-5f367f38 elementor-widget elementor-widget-button\" data-id=\"5f367f38\" data-element_type=\"widget\" data-e-type=\"widget\" data-widget_type=\"button.default\">\n\t\t\t\t\t\t\t\t\t\t<a class=\"elementor-button elementor-button-link elementor-size-sm elementor-animation-float\" href=\"https:\/\/messier.com.br\/contato\/\" target=\"_blank\">\n\t\t\t\t\t\t<span class=\"elementor-button-content-wrapper\">\n\t\t\t\t\t\t<span class=\"elementor-button-icon\">\n\t\t\t\t<svg xmlns=\"http:\/\/www.w3.org\/2000\/svg\" xmlns:xlink=\"http:\/\/www.w3.org\/1999\/xlink\" id=\"Capa_1\" x=\"0px\" y=\"0px\" viewBox=\"0 0 512.002 512.002\" style=\"enable-background:new 0 0 512.002 512.002;\" xml:space=\"preserve\"><g>\t<g>\t\t<path d=\"M388.425,241.951L151.609,5.79c-7.759-7.733-20.321-7.72-28.067,0.04c-7.74,7.759-7.72,20.328,0.04,28.067l222.72,222.105    L123.574,478.106c-7.759,7.74-7.779,20.301-0.04,28.061c3.883,3.89,8.97,5.835,14.057,5.835c5.074,0,10.141-1.932,14.017-5.795    l236.817-236.155c3.737-3.718,5.834-8.778,5.834-14.05S392.156,245.676,388.425,241.951z\"><\/path>\t<\/g><\/g><g><\/g><g><\/g><g><\/g><g><\/g><g><\/g><g><\/g><g><\/g><g><\/g><g><\/g><g><\/g><g><\/g><g><\/g><g><\/g><g><\/g><g><\/g><\/svg>\t\t\t<\/span>\n\t\t\t\t\t\t\t\t\t<span class=\"elementor-button-text\">Fale conosco<\/span>\n\t\t\t\t\t<\/span>\n\t\t\t\t\t<\/a>\n\t\t\t\t\t\t\t\t<\/div>\n\t\t\t\t\t<\/div>\n\t\t<\/div>\n\t\t\t\t\t<\/div>\n\t\t<\/section>\n\t\t\t\t<\/div>\n\t\t","protected":false},"excerpt":{"rendered":"<p>Patrulha Canina Para eventos em shoppings, desenvolvemos experi\u00eancias interativas inspiradas na Patrulha Canina, utilizando a tecnologia do Kinect para envolver o p\u00fablico infantil em diferentes desafios. P\u00e1gina inicial Experi\u00eancia Entre as atividades, as crian\u00e7as podiam resolver puzzles de encanamento, posicionando corretamente os canos para conduzir a \u00e1gua at\u00e9 o destino certo, ou assumir o controle [&hellip;]<\/p>\n","protected":false},"author":19,"featured_media":0,"parent":0,"menu_order":0,"comment_status":"closed","ping_status":"closed","template":"elementor_header_footer","meta":{"inline_featured_image":false,"footnotes":""},"class_list":["post-3812","page","type-page","status-publish","hentry"],"_links":{"self":[{"href":"https:\/\/messier.com.br\/en\/wp-json\/wp\/v2\/pages\/3812","targetHints":{"allow":["GET"]}}],"collection":[{"href":"https:\/\/messier.com.br\/en\/wp-json\/wp\/v2\/pages"}],"about":[{"href":"https:\/\/messier.com.br\/en\/wp-json\/wp\/v2\/types\/page"}],"author":[{"embeddable":true,"href":"https:\/\/messier.com.br\/en\/wp-json\/wp\/v2\/users\/19"}],"replies":[{"embeddable":true,"href":"https:\/\/messier.com.br\/en\/wp-json\/wp\/v2\/comments?post=3812"}],"version-history":[{"count":13,"href":"https:\/\/messier.com.br\/en\/wp-json\/wp\/v2\/pages\/3812\/revisions"}],"predecessor-version":[{"id":4701,"href":"https:\/\/messier.com.br\/en\/wp-json\/wp\/v2\/pages\/3812\/revisions\/4701"}],"wp:attachment":[{"href":"https:\/\/messier.com.br\/en\/wp-json\/wp\/v2\/media?parent=3812"}],"curies":[{"name":"wp","href":"https:\/\/api.w.org\/{rel}","templated":true}]}}