{"id":3789,"date":"2025-08-23T17:41:56","date_gmt":"2025-08-23T20:41:56","guid":{"rendered":"https:\/\/messier.com.br\/?page_id=3789"},"modified":"2025-10-09T00:12:45","modified_gmt":"2025-10-09T03:12:45","slug":"embrapa","status":"publish","type":"page","link":"https:\/\/messier.com.br\/en\/embrapa\/","title":{"rendered":"Embrapa"},"content":{"rendered":"\t\t<div data-elementor-type=\"wp-page\" data-elementor-id=\"3789\" class=\"elementor elementor-3789\" data-elementor-post-type=\"page\">\n\t\t\t\t<div class=\"elementor-element elementor-element-7fe6b6c3 e-flex e-con-boxed e-con e-child\" data-id=\"7fe6b6c3\" data-element_type=\"container\" data-e-type=\"container\" data-settings=\"{&quot;background_background&quot;:&quot;classic&quot;,&quot;jet_parallax_layout_list&quot;:[]}\">\n\t\t\t\t\t<div class=\"e-con-inner\">\n\t\t<div class=\"elementor-element elementor-element-328cbff6 e-con-full e-flex e-con e-child\" data-id=\"328cbff6\" data-element_type=\"container\" data-e-type=\"container\" data-settings=\"{&quot;jet_parallax_layout_list&quot;:[]}\">\n\t\t\t\t<div class=\"elementor-element elementor-element-20f8088d elementor-widget elementor-widget-heading\" data-id=\"20f8088d\" data-element_type=\"widget\" data-e-type=\"widget\" data-widget_type=\"heading.default\">\n\t\t\t\t\t<h2 class=\"elementor-heading-title elementor-size-default\">Embrapa<\/h2>\t\t\t\t<\/div>\n\t\t\t\t<div class=\"elementor-element elementor-element-7311a85 elementor-widget elementor-widget-text-editor\" data-id=\"7311a85\" data-element_type=\"widget\" data-e-type=\"widget\" data-widget_type=\"text-editor.default\">\n\t\t\t\t\t\t\t\t\t<p>Em parceria com a Embrapa, desenvolvemos um aplicativo voltado para a an\u00e1lise de amostras de solo, trazendo inova\u00e7\u00e3o e praticidade para o campo.<\/p>\t\t\t\t\t\t\t\t<\/div>\n\t\t\t\t<div class=\"elementor-element elementor-element-55f947b2 elementor-widget__width-initial elementor-widget elementor-widget-button\" data-id=\"55f947b2\" data-element_type=\"widget\" data-e-type=\"widget\" data-widget_type=\"button.default\">\n\t\t\t\t\t\t\t\t\t\t<a class=\"elementor-button elementor-button-link elementor-size-sm elementor-animation-shrink\" href=\"https:\/\/messier.com.br\/\">\n\t\t\t\t\t\t<span class=\"elementor-button-content-wrapper\">\n\t\t\t\t\t\t<span class=\"elementor-button-icon\">\n\t\t\t\t<svg xmlns=\"http:\/\/www.w3.org\/2000\/svg\" xmlns:xlink=\"http:\/\/www.w3.org\/1999\/xlink\" id=\"Capa_1\" x=\"0px\" y=\"0px\" viewBox=\"0 0 512.002 512.002\" style=\"enable-background:new 0 0 512.002 512.002;\" xml:space=\"preserve\"><g>\t<g>\t\t<path d=\"M388.425,241.951L151.609,5.79c-7.759-7.733-20.321-7.72-28.067,0.04c-7.74,7.759-7.72,20.328,0.04,28.067l222.72,222.105    L123.574,478.106c-7.759,7.74-7.779,20.301-0.04,28.061c3.883,3.89,8.97,5.835,14.057,5.835c5.074,0,10.141-1.932,14.017-5.795    l236.817-236.155c3.737-3.718,5.834-8.778,5.834-14.05S392.156,245.676,388.425,241.951z\"><\/path>\t<\/g><\/g><g><\/g><g><\/g><g><\/g><g><\/g><g><\/g><g><\/g><g><\/g><g><\/g><g><\/g><g><\/g><g><\/g><g><\/g><g><\/g><g><\/g><g><\/g><\/svg>\t\t\t<\/span>\n\t\t\t\t\t\t\t\t\t<span class=\"elementor-button-text\">P\u00e1gina inicial<\/span>\n\t\t\t\t\t<\/span>\n\t\t\t\t\t<\/a>\n\t\t\t\t\t\t\t\t<\/div>\n\t\t\t\t<\/div>\n\t\t<div class=\"elementor-element elementor-element-4d0464f3 e-flex e-con-boxed e-con e-child\" data-id=\"4d0464f3\" data-element_type=\"container\" data-e-type=\"container\" data-settings=\"{&quot;jet_parallax_layout_list&quot;:[]}\">\n\t\t\t\t\t<div class=\"e-con-inner\">\n\t\t\t\t<div class=\"elementor-element elementor-element-4b1a4229 elementor-widget elementor-widget-image\" data-id=\"4b1a4229\" data-element_type=\"widget\" data-e-type=\"widget\" data-widget_type=\"image.default\">\n\t\t\t\t\t\t\t\t\t\t\t\t\t\t\t<img fetchpriority=\"high\" decoding=\"async\" width=\"612\" height=\"383\" src=\"https:\/\/messier.com.br\/wp-content\/uploads\/2025\/10\/embrapa-inferior.png\" class=\"attachment-medium_large size-medium_large wp-image-4604\" alt=\"\" srcset=\"https:\/\/messier.com.br\/wp-content\/uploads\/2025\/10\/embrapa-inferior.png 612w, https:\/\/messier.com.br\/wp-content\/uploads\/2025\/10\/embrapa-inferior-300x188.png 300w, https:\/\/messier.com.br\/wp-content\/uploads\/2025\/10\/embrapa-inferior-18x12.png 18w\" sizes=\"(max-width: 612px) 100vw, 612px\" \/>\t\t\t\t\t\t\t\t\t\t\t\t\t\t\t<\/div>\n\t\t\t\t\t<\/div>\n\t\t\t\t<\/div>\n\t\t\t\t\t<\/div>\n\t\t\t\t<\/div>\n\t\t\t\t<section class=\"elementor-section elementor-top-section elementor-element elementor-element-2a521d1d elementor-section-boxed elementor-section-height-default elementor-section-height-default\" data-id=\"2a521d1d\" data-element_type=\"section\" data-e-type=\"section\" data-settings=\"{&quot;background_background&quot;:&quot;classic&quot;,&quot;jet_parallax_layout_list&quot;:[]}\">\n\t\t\t\t\t\t<div class=\"elementor-container elementor-column-gap-default\">\n\t\t\t\t\t<div class=\"elementor-column elementor-col-50 elementor-top-column elementor-element elementor-element-6a556dad elementor-hidden-mobile\" data-id=\"6a556dad\" data-element_type=\"column\" data-e-type=\"column\">\n\t\t\t<div class=\"elementor-widget-wrap elementor-element-populated\">\n\t\t\t\t\t\t<div class=\"elementor-element elementor-element-54e85542 elementor-absolute elementor-widget-tablet__width-initial elementor-widget-mobile__width-initial elementor-hidden-tablet elementor-widget elementor-widget-image\" data-id=\"54e85542\" data-element_type=\"widget\" data-e-type=\"widget\" data-settings=\"{&quot;_position&quot;:&quot;absolute&quot;,&quot;motion_fx_motion_fx_scrolling&quot;:&quot;yes&quot;,&quot;motion_fx_translateY_effect&quot;:&quot;yes&quot;,&quot;motion_fx_translateY_speed&quot;:{&quot;unit&quot;:&quot;px&quot;,&quot;size&quot;:3.4,&quot;sizes&quot;:[]},&quot;motion_fx_translateY_affectedRange&quot;:{&quot;unit&quot;:&quot;%&quot;,&quot;size&quot;:&quot;&quot;,&quot;sizes&quot;:{&quot;start&quot;:11,&quot;end&quot;:55}},&quot;motion_fx_translateY_direction&quot;:&quot;negative&quot;,&quot;motion_fx_devices&quot;:[&quot;desktop&quot;,&quot;tablet&quot;,&quot;mobile&quot;]}\" data-widget_type=\"image.default\">\n\t\t\t\t\t\t\t\t\t\t\t\t\t\t\t<img decoding=\"async\" width=\"376\" height=\"377\" src=\"https:\/\/messier.com.br\/wp-content\/uploads\/2025\/10\/embrapa-centro.png\" class=\"attachment-medium_large size-medium_large wp-image-4605\" alt=\"\" srcset=\"https:\/\/messier.com.br\/wp-content\/uploads\/2025\/10\/embrapa-centro.png 376w, https:\/\/messier.com.br\/wp-content\/uploads\/2025\/10\/embrapa-centro-300x300.png 300w, https:\/\/messier.com.br\/wp-content\/uploads\/2025\/10\/embrapa-centro-150x150.png 150w, https:\/\/messier.com.br\/wp-content\/uploads\/2025\/10\/embrapa-centro-12x12.png 12w\" sizes=\"(max-width: 376px) 100vw, 376px\" \/>\t\t\t\t\t\t\t\t\t\t\t\t\t\t\t<\/div>\n\t\t\t\t\t<\/div>\n\t\t<\/div>\n\t\t\t\t<div class=\"elementor-column elementor-col-50 elementor-top-column elementor-element elementor-element-4ec0fabe\" data-id=\"4ec0fabe\" data-element_type=\"column\" data-e-type=\"column\">\n\t\t\t<div class=\"elementor-widget-wrap elementor-element-populated\">\n\t\t\t\t\t\t<section class=\"elementor-section elementor-inner-section elementor-element elementor-element-49bf6683 elementor-section-boxed elementor-section-height-default elementor-section-height-default\" data-id=\"49bf6683\" data-element_type=\"section\" data-e-type=\"section\" data-settings=\"{&quot;motion_fx_motion_fx_scrolling&quot;:&quot;yes&quot;,&quot;motion_fx_opacity_effect&quot;:&quot;yes&quot;,&quot;motion_fx_opacity_range&quot;:{&quot;unit&quot;:&quot;%&quot;,&quot;size&quot;:&quot;&quot;,&quot;sizes&quot;:{&quot;start&quot;:&quot;0&quot;,&quot;end&quot;:&quot;50&quot;}},&quot;motion_fx_devices&quot;:[&quot;desktop&quot;,&quot;tablet&quot;],&quot;jet_parallax_layout_list&quot;:[],&quot;motion_fx_opacity_direction&quot;:&quot;out-in&quot;,&quot;motion_fx_opacity_level&quot;:{&quot;unit&quot;:&quot;px&quot;,&quot;size&quot;:10,&quot;sizes&quot;:[]}}\">\n\t\t\t\t\t\t<div class=\"elementor-container elementor-column-gap-default\">\n\t\t\t\t\t<div class=\"elementor-column elementor-col-50 elementor-inner-column elementor-element elementor-element-3d127f2c\" data-id=\"3d127f2c\" data-element_type=\"column\" data-e-type=\"column\">\n\t\t\t<div class=\"elementor-widget-wrap elementor-element-populated\">\n\t\t\t\t\t\t<div class=\"elementor-element elementor-element-34bd66d1 elementor-view-default elementor-position-block-start elementor-mobile-position-block-start elementor-widget elementor-widget-icon-box\" data-id=\"34bd66d1\" data-element_type=\"widget\" data-e-type=\"widget\" data-widget_type=\"icon-box.default\">\n\t\t\t\t\t\t\t<div class=\"elementor-icon-box-wrapper\">\n\n\t\t\t\t\t\t<div class=\"elementor-icon-box-icon\">\n\t\t\t\t<span  class=\"elementor-icon\">\n\t\t\t\t<svg xmlns=\"http:\/\/www.w3.org\/2000\/svg\" id=\"Capa_1\" height=\"512\" viewBox=\"0 0 512 512\" width=\"512\"><g><path d=\"m46.701 243.118-43.417 137.94c-14.218 45.172 19.515 91.155 66.872 91.155h50.53l32.792-98.377z\" fill=\"#fa3778\"><\/path><path d=\"m508.716 381.058-43.418-137.939-106.764 130.754 32.78 98.34h50.53c47.357 0 81.09-45.983 66.872-91.155z\" fill=\"#db0084\"><\/path><path d=\"m192 160.339h-32.46c-51.655 0-97.327 33.516-112.84 82.775-19.885 62.673 25.042 126.606 89.503 130.721l119.797.027 23.895-93.818-23.895-55.634z\" fill=\"#ff9659\"><\/path><path d=\"m375.094 373.876-119.094-.014v-149.452l64-64.071h32.46c51.655 0 97.327 33.516 112.84 82.775 19.967 62.904-25.367 127.08-90.206 130.762z\" fill=\"#fa3778\"><\/path><circle cx=\"178.799\" cy=\"374.043\" fill=\"#5c5a9b\" r=\"42.966\"><\/circle><circle cx=\"333.2\" cy=\"374.043\" fill=\"#333175\" r=\"42.966\"><\/circle><path d=\"m191.607 244.662h-22.982v-22.982h-30v22.982h-22.982v30h22.982v22.982h30v-22.982h22.982z\" fill=\"#5c5a9b\"><\/path><path d=\"m396.357 244.662h-22.982v-22.982h-30v22.982h-22.982v30h22.982v22.982h30v-22.982h22.982z\" fill=\"#333175\"><\/path><path d=\"m210.875 282.691h30v30h-30z\" fill=\"#f5f5fc\"><\/path><path d=\"m271.125 282.691h30v30h-30z\" fill=\"#dedef5\"><\/path><path d=\"m277.302 192.372-21.302 32.035h-32l-32-64.07 64 .04z\" fill=\"#fa3778\"><\/path><path d=\"m320 160.407-32 64h-32v-64.03z\" fill=\"#db0084\"><\/path><path d=\"m256 100.037c-12.05 0-23.39 4.7-31.91 13.22l21.21 21.21c2.86-2.85 6.66-4.43 10.7-4.43l10.559-12.785z\" fill=\"#1ae2ff\"><\/path><path d=\"m256 39.787c-28.15 0-54.61 10.96-74.51 30.87l21.21 21.21c14.24-14.24 33.17-22.08 53.3-22.08l23.156-13.556z\" fill=\"#1ae2ff\"><\/path><g fill=\"#00afff\"><path d=\"m256 100.037c12.05 0 23.39 4.7 31.91 13.22l-21.21 21.21c-2.86-2.85-6.66-4.43-10.7-4.43z\"><\/path><path d=\"m330.51 70.657-21.21 21.21c-14.24-14.24-33.17-22.08-53.3-22.08v-30c28.15 0 54.61 10.96 74.51 30.87z\"><\/path><\/g><\/g><\/svg>\t\t\t\t<\/span>\n\t\t\t<\/div>\n\t\t\t\n\t\t\t\t\t\t<div class=\"elementor-icon-box-content\">\n\n\t\t\t\t\t\t\t\t\t<h3 class=\"elementor-icon-box-title\">\n\t\t\t\t\t\t<span  >\n\t\t\t\t\t\t\tExperi\u00eancia\t\t\t\t\t\t<\/span>\n\t\t\t\t\t<\/h3>\n\t\t\t\t\n\t\t\t\t\t\t\t\t\t<p class=\"elementor-icon-box-description\">\n\t\t\t\t\t\t<p>A solu\u00e7\u00e3o \u00e9 um app que automatiza a coleta e o registro de amostras pelo celular, organiza dados, gera relat\u00f3rios e auxilia decis\u00f5es na agricultura.<\/p>\t\t\t\t\t<\/p>\n\t\t\t\t\n\t\t\t<\/div>\n\t\t\t\n\t\t<\/div>\n\t\t\t\t\t\t<\/div>\n\t\t\t\t\t<\/div>\n\t\t<\/div>\n\t\t\t\t<div class=\"elementor-column elementor-col-50 elementor-inner-column elementor-element elementor-element-414d4c59\" data-id=\"414d4c59\" data-element_type=\"column\" data-e-type=\"column\">\n\t\t\t<div class=\"elementor-widget-wrap elementor-element-populated\">\n\t\t\t\t\t\t<div class=\"elementor-element elementor-element-f824362 elementor-view-default elementor-position-block-start elementor-mobile-position-block-start elementor-widget elementor-widget-icon-box\" data-id=\"f824362\" data-element_type=\"widget\" data-e-type=\"widget\" data-widget_type=\"icon-box.default\">\n\t\t\t\t\t\t\t<div class=\"elementor-icon-box-wrapper\">\n\n\t\t\t\t\t\t<div class=\"elementor-icon-box-icon\">\n\t\t\t\t<span  class=\"elementor-icon\">\n\t\t\t\t<svg xmlns=\"http:\/\/www.w3.org\/2000\/svg\" height=\"512pt\" viewBox=\"0 0 512 512\" width=\"512pt\"><path d=\"m271 77v60h-30v-45c0-8.28125 6.71875-15 15-15zm0 0\" fill=\"#725d57\"><\/path><path d=\"m256 77h15v60h-15zm0 0\" fill=\"#53433f\"><\/path><path d=\"m421 122v255h-330v-255h90v30h30v-30h90v30h30v-30zm0 0\" fill=\"#ffda2d\"><\/path><path d=\"m421 122v255h-165v-255h45v30h30v-30zm0 0\" fill=\"#fdbf00\"><\/path><path d=\"m211 302h90v92.101562h-90zm0 0\" fill=\"#fdbf00\"><\/path><path d=\"m256 302h45v92.101562h-45zm0 0\" fill=\"#ff9100\"><\/path><path d=\"m151 212h30v30h-30zm0 0\" fill=\"#fdbf00\"><\/path><path d=\"m241 212h30v30h-30zm0 0\" fill=\"#fdbf00\"><\/path><path d=\"m256 212h15v30h-15zm0 0\" fill=\"#ff9100\"><\/path><path d=\"m331 212h30v30h-30zm0 0\" fill=\"#ff9100\"><\/path><path d=\"m512 362v60c0 8.285156-6.714844 15-15 15h-113.921875c-56.535156 0-95.203125-15.15625-133.257813-32.988281l-.53125-10.433594c41.332032-20.65625 87.589844-31.578125 133.789063-31.578125zm0 0\" fill=\"#ffca80\"><\/path><path d=\"m383.078125 422c-52.519531 0-88.289063-13.550781-127.078125-31.660156-39.589844-18.558594-83.359375-28.339844-127.078125-28.339844h-128.921875v150h512v-90zm0 0\" fill=\"#fff7cc\"><\/path><path d=\"m512 422v90h-256v-121.660156c38.789062 18.109375 74.558594 31.660156 127.078125 31.660156zm0 0\" fill=\"#ffe6b3\"><\/path><path d=\"m241 0v92h120v-92zm0 0\" fill=\"#ff637b\"><\/path><path d=\"m256 0h105v92h-105zm0 0\" fill=\"#e63950\"><\/path><\/svg>\t\t\t\t<\/span>\n\t\t\t<\/div>\n\t\t\t\n\t\t\t\t\t\t<div class=\"elementor-icon-box-content\">\n\n\t\t\t\t\t\t\t\t\t<h3 class=\"elementor-icon-box-title\">\n\t\t\t\t\t\t<span  >\n\t\t\t\t\t\t\tImport\u00e2ncia\t\t\t\t\t\t<\/span>\n\t\t\t\t\t<\/h3>\n\t\t\t\t\n\t\t\t\t\t\t\t\t\t<p class=\"elementor-icon-box-description\">\n\t\t\t\t\t\t<p>O projeto destaca o papel da tecnologia na transforma\u00e7\u00e3o do setor agro, tornando os\nprocessos mais eficientes, acess\u00edveis e sustent\u00e1veis.<\/p>\t\t\t\t\t<\/p>\n\t\t\t\t\n\t\t\t<\/div>\n\t\t\t\n\t\t<\/div>\n\t\t\t\t\t\t<\/div>\n\t\t\t\t\t<\/div>\n\t\t<\/div>\n\t\t\t\t\t<\/div>\n\t\t<\/section>\n\t\t\t\t\t<\/div>\n\t\t<\/div>\n\t\t\t\t\t<\/div>\n\t\t<\/section>\n\t\t\t\t<section class=\"elementor-section elementor-top-section elementor-element elementor-element-47fdc457 elementor-section-boxed elementor-section-height-default elementor-section-height-default\" data-id=\"47fdc457\" data-element_type=\"section\" data-e-type=\"section\" data-settings=\"{&quot;background_background&quot;:&quot;classic&quot;,&quot;jet_parallax_layout_list&quot;:[]}\">\n\t\t\t\t\t\t\t<div class=\"elementor-background-overlay\"><\/div>\n\t\t\t\t\t\t\t<div class=\"elementor-container elementor-column-gap-default\">\n\t\t\t\t\t<div class=\"elementor-column elementor-col-100 elementor-top-column elementor-element elementor-element-3aaa8e96\" data-id=\"3aaa8e96\" data-element_type=\"column\" data-e-type=\"column\">\n\t\t\t<div class=\"elementor-widget-wrap elementor-element-populated\">\n\t\t\t\t\t\t<div class=\"elementor-element elementor-element-4aad2935 elementor-widget elementor-widget-heading\" data-id=\"4aad2935\" data-element_type=\"widget\" data-e-type=\"widget\" data-widget_type=\"heading.default\">\n\t\t\t\t\t<h2 class=\"elementor-heading-title elementor-size-default\">Pronto para criar algo incr\u00edvel com a sua marca? Fale com a gente!<\/h2>\t\t\t\t<\/div>\n\t\t\t\t<div class=\"elementor-element elementor-element-6800e488 elementor-widget elementor-widget-button\" data-id=\"6800e488\" data-element_type=\"widget\" data-e-type=\"widget\" data-widget_type=\"button.default\">\n\t\t\t\t\t\t\t\t\t\t<a class=\"elementor-button elementor-button-link elementor-size-sm elementor-animation-float\" href=\"https:\/\/messier.com.br\/contato\/\" target=\"_blank\">\n\t\t\t\t\t\t<span class=\"elementor-button-content-wrapper\">\n\t\t\t\t\t\t<span class=\"elementor-button-icon\">\n\t\t\t\t<svg xmlns=\"http:\/\/www.w3.org\/2000\/svg\" xmlns:xlink=\"http:\/\/www.w3.org\/1999\/xlink\" id=\"Capa_1\" x=\"0px\" y=\"0px\" viewBox=\"0 0 512.002 512.002\" style=\"enable-background:new 0 0 512.002 512.002;\" xml:space=\"preserve\"><g>\t<g>\t\t<path d=\"M388.425,241.951L151.609,5.79c-7.759-7.733-20.321-7.72-28.067,0.04c-7.74,7.759-7.72,20.328,0.04,28.067l222.72,222.105    L123.574,478.106c-7.759,7.74-7.779,20.301-0.04,28.061c3.883,3.89,8.97,5.835,14.057,5.835c5.074,0,10.141-1.932,14.017-5.795    l236.817-236.155c3.737-3.718,5.834-8.778,5.834-14.05S392.156,245.676,388.425,241.951z\"><\/path>\t<\/g><\/g><g><\/g><g><\/g><g><\/g><g><\/g><g><\/g><g><\/g><g><\/g><g><\/g><g><\/g><g><\/g><g><\/g><g><\/g><g><\/g><g><\/g><g><\/g><\/svg>\t\t\t<\/span>\n\t\t\t\t\t\t\t\t\t<span class=\"elementor-button-text\">Fale conosco<\/span>\n\t\t\t\t\t<\/span>\n\t\t\t\t\t<\/a>\n\t\t\t\t\t\t\t\t<\/div>\n\t\t\t\t\t<\/div>\n\t\t<\/div>\n\t\t\t\t\t<\/div>\n\t\t<\/section>\n\t\t\t\t<\/div>\n\t\t","protected":false},"excerpt":{"rendered":"<p>Embrapa Em parceria com a Embrapa, desenvolvemos um aplicativo voltado para a an\u00e1lise de amostras de solo, trazendo inova\u00e7\u00e3o e praticidade para o campo. P\u00e1gina inicial Experi\u00eancia A solu\u00e7\u00e3o \u00e9 um app que automatiza a coleta e o registro de amostras pelo celular, organiza dados, gera relat\u00f3rios e auxilia decis\u00f5es na agricultura. Import\u00e2ncia O projeto [&hellip;]<\/p>\n","protected":false},"author":19,"featured_media":0,"parent":0,"menu_order":0,"comment_status":"closed","ping_status":"closed","template":"elementor_header_footer","meta":{"inline_featured_image":false,"footnotes":""},"class_list":["post-3789","page","type-page","status-publish","hentry"],"_links":{"self":[{"href":"https:\/\/messier.com.br\/en\/wp-json\/wp\/v2\/pages\/3789","targetHints":{"allow":["GET"]}}],"collection":[{"href":"https:\/\/messier.com.br\/en\/wp-json\/wp\/v2\/pages"}],"about":[{"href":"https:\/\/messier.com.br\/en\/wp-json\/wp\/v2\/types\/page"}],"author":[{"embeddable":true,"href":"https:\/\/messier.com.br\/en\/wp-json\/wp\/v2\/users\/19"}],"replies":[{"embeddable":true,"href":"https:\/\/messier.com.br\/en\/wp-json\/wp\/v2\/comments?post=3789"}],"version-history":[{"count":19,"href":"https:\/\/messier.com.br\/en\/wp-json\/wp\/v2\/pages\/3789\/revisions"}],"predecessor-version":[{"id":4608,"href":"https:\/\/messier.com.br\/en\/wp-json\/wp\/v2\/pages\/3789\/revisions\/4608"}],"wp:attachment":[{"href":"https:\/\/messier.com.br\/en\/wp-json\/wp\/v2\/media?parent=3789"}],"curies":[{"name":"wp","href":"https:\/\/api.w.org\/{rel}","templated":true}]}}