{"id":3717,"date":"2025-08-22T17:20:44","date_gmt":"2025-08-22T20:20:44","guid":{"rendered":"https:\/\/messier.com.br\/?page_id=3717"},"modified":"2025-10-23T21:24:17","modified_gmt":"2025-10-24T00:24:17","slug":"handbikes","status":"publish","type":"page","link":"https:\/\/messier.com.br\/en\/handbikes\/","title":{"rendered":"HandBikes"},"content":{"rendered":"\t\t<div data-elementor-type=\"wp-page\" data-elementor-id=\"3717\" class=\"elementor elementor-3717\" data-elementor-post-type=\"page\">\n\t\t\t\t<div class=\"elementor-element elementor-element-5c5f933e e-flex e-con-boxed e-con e-child\" data-id=\"5c5f933e\" data-element_type=\"container\" data-e-type=\"container\" data-settings=\"{&quot;background_background&quot;:&quot;classic&quot;,&quot;jet_parallax_layout_list&quot;:[]}\">\n\t\t\t\t\t<div class=\"e-con-inner\">\n\t\t<div class=\"elementor-element elementor-element-3a09e0f6 e-con-full e-flex e-con e-child\" data-id=\"3a09e0f6\" data-element_type=\"container\" data-e-type=\"container\" data-settings=\"{&quot;jet_parallax_layout_list&quot;:[]}\">\n\t\t\t\t<div class=\"elementor-element elementor-element-33f4b374 elementor-widget elementor-widget-heading\" data-id=\"33f4b374\" data-element_type=\"widget\" data-e-type=\"widget\" data-widget_type=\"heading.default\">\n\t\t\t\t\t<h2 class=\"elementor-heading-title elementor-size-default\">Hand <br> Bikes<\/h2>\t\t\t\t<\/div>\n\t\t\t\t<div class=\"elementor-element elementor-element-16c14dc5 elementor-widget elementor-widget-text-editor\" data-id=\"16c14dc5\" data-element_type=\"widget\" data-e-type=\"widget\" data-widget_type=\"text-editor.default\">\n\t\t\t\t\t\t\t\t\t<p style=\"font-size:24px\">Desenvolvemos uma experi\u00eancia \u00fanica que combina jogo digital e hardware f\u00edsico. O\nprojeto contou com tr\u00eas handbikes reais, adaptadas com sensores eletr\u00f4nicos, conectadas a um jogo de corrida virtual.<\/p>\t\t\t\t\t\t\t\t<\/div>\n\t\t\t\t<div class=\"elementor-element elementor-element-7d9a43 elementor-widget__width-initial elementor-widget elementor-widget-button\" data-id=\"7d9a43\" data-element_type=\"widget\" data-e-type=\"widget\" data-widget_type=\"button.default\">\n\t\t\t\t\t\t\t\t\t\t<a class=\"elementor-button elementor-button-link elementor-size-sm elementor-animation-shrink\" href=\"https:\/\/messier.com.br\/\">\n\t\t\t\t\t\t<span class=\"elementor-button-content-wrapper\">\n\t\t\t\t\t\t<span class=\"elementor-button-icon\">\n\t\t\t\t<svg xmlns=\"http:\/\/www.w3.org\/2000\/svg\" xmlns:xlink=\"http:\/\/www.w3.org\/1999\/xlink\" id=\"Capa_1\" x=\"0px\" y=\"0px\" viewBox=\"0 0 512.002 512.002\" style=\"enable-background:new 0 0 512.002 512.002;\" xml:space=\"preserve\"><g>\t<g>\t\t<path d=\"M388.425,241.951L151.609,5.79c-7.759-7.733-20.321-7.72-28.067,0.04c-7.74,7.759-7.72,20.328,0.04,28.067l222.72,222.105    L123.574,478.106c-7.759,7.74-7.779,20.301-0.04,28.061c3.883,3.89,8.97,5.835,14.057,5.835c5.074,0,10.141-1.932,14.017-5.795    l236.817-236.155c3.737-3.718,5.834-8.778,5.834-14.05S392.156,245.676,388.425,241.951z\"><\/path>\t<\/g><\/g><g><\/g><g><\/g><g><\/g><g><\/g><g><\/g><g><\/g><g><\/g><g><\/g><g><\/g><g><\/g><g><\/g><g><\/g><g><\/g><g><\/g><g><\/g><\/svg>\t\t\t<\/span>\n\t\t\t\t\t\t\t\t\t<span class=\"elementor-button-text\">P\u00e1gina inicial<\/span>\n\t\t\t\t\t<\/span>\n\t\t\t\t\t<\/a>\n\t\t\t\t\t\t\t\t<\/div>\n\t\t\t\t<\/div>\n\t\t<div class=\"elementor-element elementor-element-22b73eb8 e-flex e-con-boxed e-con e-child\" data-id=\"22b73eb8\" data-element_type=\"container\" data-e-type=\"container\" data-settings=\"{&quot;jet_parallax_layout_list&quot;:[]}\">\n\t\t\t\t\t<div class=\"e-con-inner\">\n\t\t\t\t<div class=\"elementor-element elementor-element-6f29a765 elementor-widget elementor-widget-image\" data-id=\"6f29a765\" data-element_type=\"widget\" data-e-type=\"widget\" data-widget_type=\"image.default\">\n\t\t\t\t\t\t\t\t\t\t\t\t\t\t\t<img decoding=\"async\" src=\"https:\/\/messier.com.br\/wp-content\/uploads\/elementor\/thumbs\/handbike-centro-rdlmzp12iwy7kxymol88lqzwdc49bkskv8q2m7o7zk.png\" title=\"HANDBIKE &#8211; Centro\" alt=\"HANDBIKE - Centro\" loading=\"lazy\" \/>\t\t\t\t\t\t\t\t\t\t\t\t\t\t\t<\/div>\n\t\t\t\t\t<\/div>\n\t\t\t\t<\/div>\n\t\t\t\t\t<\/div>\n\t\t\t\t<\/div>\n\t\t\t\t<section class=\"elementor-section elementor-top-section elementor-element elementor-element-5762170d elementor-section-boxed elementor-section-height-default elementor-section-height-default\" data-id=\"5762170d\" data-element_type=\"section\" data-e-type=\"section\" data-settings=\"{&quot;background_background&quot;:&quot;classic&quot;,&quot;jet_parallax_layout_list&quot;:[]}\">\n\t\t\t\t\t\t<div class=\"elementor-container elementor-column-gap-default\">\n\t\t\t\t\t<div class=\"elementor-column elementor-col-50 elementor-top-column elementor-element elementor-element-1038daaf elementor-hidden-mobile\" data-id=\"1038daaf\" data-element_type=\"column\" data-e-type=\"column\">\n\t\t\t<div class=\"elementor-widget-wrap elementor-element-populated\">\n\t\t\t\t\t\t<div class=\"elementor-element elementor-element-7101e098 elementor-absolute elementor-widget-tablet__width-initial elementor-widget-mobile__width-initial elementor-hidden-tablet elementor-widget elementor-widget-image\" data-id=\"7101e098\" data-element_type=\"widget\" data-e-type=\"widget\" data-settings=\"{&quot;_position&quot;:&quot;absolute&quot;,&quot;motion_fx_motion_fx_scrolling&quot;:&quot;yes&quot;,&quot;motion_fx_translateY_effect&quot;:&quot;yes&quot;,&quot;motion_fx_translateY_speed&quot;:{&quot;unit&quot;:&quot;px&quot;,&quot;size&quot;:3.4,&quot;sizes&quot;:[]},&quot;motion_fx_translateY_affectedRange&quot;:{&quot;unit&quot;:&quot;%&quot;,&quot;size&quot;:&quot;&quot;,&quot;sizes&quot;:{&quot;start&quot;:11,&quot;end&quot;:55}},&quot;motion_fx_translateY_direction&quot;:&quot;negative&quot;,&quot;motion_fx_devices&quot;:[&quot;desktop&quot;,&quot;tablet&quot;,&quot;mobile&quot;]}\" data-widget_type=\"image.default\">\n\t\t\t\t\t\t\t\t\t\t\t\t\t\t\t<img fetchpriority=\"high\" decoding=\"async\" width=\"1536\" height=\"864\" src=\"https:\/\/messier.com.br\/wp-content\/uploads\/2025\/10\/handbike-inferior-1536x864.png\" class=\"attachment-1536x1536 size-1536x1536 wp-image-4628\" alt=\"\" srcset=\"https:\/\/messier.com.br\/wp-content\/uploads\/2025\/10\/handbike-inferior-1536x864.png 1536w, https:\/\/messier.com.br\/wp-content\/uploads\/2025\/10\/handbike-inferior-300x169.png 300w, https:\/\/messier.com.br\/wp-content\/uploads\/2025\/10\/handbike-inferior-1024x576.png 1024w, https:\/\/messier.com.br\/wp-content\/uploads\/2025\/10\/handbike-inferior-768x432.png 768w, https:\/\/messier.com.br\/wp-content\/uploads\/2025\/10\/handbike-inferior-18x10.png 18w, https:\/\/messier.com.br\/wp-content\/uploads\/2025\/10\/handbike-inferior.png 1920w\" sizes=\"(max-width: 1536px) 100vw, 1536px\" \/>\t\t\t\t\t\t\t\t\t\t\t\t\t\t\t<\/div>\n\t\t\t\t\t<\/div>\n\t\t<\/div>\n\t\t\t\t<div class=\"elementor-column elementor-col-50 elementor-top-column elementor-element elementor-element-3ae333a0\" data-id=\"3ae333a0\" data-element_type=\"column\" data-e-type=\"column\">\n\t\t\t<div class=\"elementor-widget-wrap elementor-element-populated\">\n\t\t\t\t\t\t<section class=\"elementor-section elementor-inner-section elementor-element elementor-element-3cae83f8 elementor-section-boxed elementor-section-height-default elementor-section-height-default\" data-id=\"3cae83f8\" data-element_type=\"section\" data-e-type=\"section\" data-settings=\"{&quot;motion_fx_motion_fx_scrolling&quot;:&quot;yes&quot;,&quot;motion_fx_opacity_effect&quot;:&quot;yes&quot;,&quot;motion_fx_opacity_range&quot;:{&quot;unit&quot;:&quot;%&quot;,&quot;size&quot;:&quot;&quot;,&quot;sizes&quot;:{&quot;start&quot;:&quot;0&quot;,&quot;end&quot;:&quot;50&quot;}},&quot;motion_fx_devices&quot;:[&quot;desktop&quot;,&quot;tablet&quot;],&quot;jet_parallax_layout_list&quot;:[],&quot;motion_fx_opacity_direction&quot;:&quot;out-in&quot;,&quot;motion_fx_opacity_level&quot;:{&quot;unit&quot;:&quot;px&quot;,&quot;size&quot;:10,&quot;sizes&quot;:[]}}\">\n\t\t\t\t\t\t<div class=\"elementor-container elementor-column-gap-default\">\n\t\t\t\t\t<div class=\"elementor-column elementor-col-100 elementor-inner-column elementor-element elementor-element-4acaf198\" data-id=\"4acaf198\" data-element_type=\"column\" data-e-type=\"column\">\n\t\t\t<div class=\"elementor-widget-wrap elementor-element-populated\">\n\t\t\t\t\t\t<div class=\"elementor-element elementor-element-65cde2cc elementor-widget__width-initial elementor-view-default elementor-position-block-start elementor-mobile-position-block-start elementor-widget elementor-widget-icon-box\" data-id=\"65cde2cc\" data-element_type=\"widget\" data-e-type=\"widget\" data-widget_type=\"icon-box.default\">\n\t\t\t\t\t\t\t<div class=\"elementor-icon-box-wrapper\">\n\n\t\t\t\t\t\t<div class=\"elementor-icon-box-icon\">\n\t\t\t\t<span  class=\"elementor-icon\">\n\t\t\t\t<svg xmlns=\"http:\/\/www.w3.org\/2000\/svg\" id=\"Capa_1\" height=\"512\" viewBox=\"0 0 512 512\" width=\"512\"><g><path d=\"m46.701 243.118-43.417 137.94c-14.218 45.172 19.515 91.155 66.872 91.155h50.53l32.792-98.377z\" fill=\"#fa3778\"><\/path><path d=\"m508.716 381.058-43.418-137.939-106.764 130.754 32.78 98.34h50.53c47.357 0 81.09-45.983 66.872-91.155z\" fill=\"#db0084\"><\/path><path d=\"m192 160.339h-32.46c-51.655 0-97.327 33.516-112.84 82.775-19.885 62.673 25.042 126.606 89.503 130.721l119.797.027 23.895-93.818-23.895-55.634z\" fill=\"#ff9659\"><\/path><path d=\"m375.094 373.876-119.094-.014v-149.452l64-64.071h32.46c51.655 0 97.327 33.516 112.84 82.775 19.967 62.904-25.367 127.08-90.206 130.762z\" fill=\"#fa3778\"><\/path><circle cx=\"178.799\" cy=\"374.043\" fill=\"#5c5a9b\" r=\"42.966\"><\/circle><circle cx=\"333.2\" cy=\"374.043\" fill=\"#333175\" r=\"42.966\"><\/circle><path d=\"m191.607 244.662h-22.982v-22.982h-30v22.982h-22.982v30h22.982v22.982h30v-22.982h22.982z\" fill=\"#5c5a9b\"><\/path><path d=\"m396.357 244.662h-22.982v-22.982h-30v22.982h-22.982v30h22.982v22.982h30v-22.982h22.982z\" fill=\"#333175\"><\/path><path d=\"m210.875 282.691h30v30h-30z\" fill=\"#f5f5fc\"><\/path><path d=\"m271.125 282.691h30v30h-30z\" fill=\"#dedef5\"><\/path><path d=\"m277.302 192.372-21.302 32.035h-32l-32-64.07 64 .04z\" fill=\"#fa3778\"><\/path><path d=\"m320 160.407-32 64h-32v-64.03z\" fill=\"#db0084\"><\/path><path d=\"m256 100.037c-12.05 0-23.39 4.7-31.91 13.22l21.21 21.21c2.86-2.85 6.66-4.43 10.7-4.43l10.559-12.785z\" fill=\"#1ae2ff\"><\/path><path d=\"m256 39.787c-28.15 0-54.61 10.96-74.51 30.87l21.21 21.21c14.24-14.24 33.17-22.08 53.3-22.08l23.156-13.556z\" fill=\"#1ae2ff\"><\/path><g fill=\"#00afff\"><path d=\"m256 100.037c12.05 0 23.39 4.7 31.91 13.22l-21.21 21.21c-2.86-2.85-6.66-4.43-10.7-4.43z\"><\/path><path d=\"m330.51 70.657-21.21 21.21c-14.24-14.24-33.17-22.08-53.3-22.08v-30c28.15 0 54.61 10.96 74.51 30.87z\"><\/path><\/g><\/g><\/svg>\t\t\t\t<\/span>\n\t\t\t<\/div>\n\t\t\t\n\t\t\t\t\t\t<div class=\"elementor-icon-box-content\">\n\n\t\t\t\t\t\t\t\t\t<h3 class=\"elementor-icon-box-title\">\n\t\t\t\t\t\t<span  >\n\t\t\t\t\t\t\tExperi\u00eancia\t\t\t\t\t\t<\/span>\n\t\t\t\t\t<\/h3>\n\t\t\t\t\n\t\t\t\t\t\t\t\t\t<p class=\"elementor-icon-box-description\">\n\t\t\t\t\t\t<p>Os participantes pedalam nas handbikes e competem entre si em tempo real, unindo\nacessibilidade, inova\u00e7\u00e3o e entretenimento em uma experi\u00eancia totalmente imersiva.\n<\/p>\t\t\t\t\t<\/p>\n\t\t\t\t\n\t\t\t<\/div>\n\t\t\t\n\t\t<\/div>\n\t\t\t\t\t\t<\/div>\n\t\t\t\t\t<\/div>\n\t\t<\/div>\n\t\t\t\t\t<\/div>\n\t\t<\/section>\n\t\t\t\t\t<\/div>\n\t\t<\/div>\n\t\t\t\t\t<\/div>\n\t\t<\/section>\n\t\t\t\t<section class=\"elementor-section elementor-top-section elementor-element elementor-element-7e2c31d6 elementor-section-boxed elementor-section-height-default elementor-section-height-default\" data-id=\"7e2c31d6\" data-element_type=\"section\" data-e-type=\"section\" data-settings=\"{&quot;background_background&quot;:&quot;classic&quot;,&quot;jet_parallax_layout_list&quot;:[]}\">\n\t\t\t\t\t\t\t<div class=\"elementor-background-overlay\"><\/div>\n\t\t\t\t\t\t\t<div class=\"elementor-container elementor-column-gap-default\">\n\t\t\t\t\t<div class=\"elementor-column elementor-col-100 elementor-top-column elementor-element elementor-element-7bf676da\" data-id=\"7bf676da\" data-element_type=\"column\" data-e-type=\"column\">\n\t\t\t<div class=\"elementor-widget-wrap elementor-element-populated\">\n\t\t\t\t\t\t<div class=\"elementor-element elementor-element-44a0d715 elementor-widget elementor-widget-heading\" data-id=\"44a0d715\" data-element_type=\"widget\" data-e-type=\"widget\" data-widget_type=\"heading.default\">\n\t\t\t\t\t<h2 class=\"elementor-heading-title elementor-size-default\">Pronto para criar algo incr\u00edvel com a sua marca? Fale com a gente!<\/h2>\t\t\t\t<\/div>\n\t\t\t\t<div class=\"elementor-element elementor-element-789f982a elementor-widget elementor-widget-button\" data-id=\"789f982a\" data-element_type=\"widget\" data-e-type=\"widget\" data-widget_type=\"button.default\">\n\t\t\t\t\t\t\t\t\t\t<a class=\"elementor-button elementor-button-link elementor-size-sm elementor-animation-float\" href=\"https:\/\/messier.com.br\/contato\/\" target=\"_blank\">\n\t\t\t\t\t\t<span class=\"elementor-button-content-wrapper\">\n\t\t\t\t\t\t<span class=\"elementor-button-icon\">\n\t\t\t\t<svg xmlns=\"http:\/\/www.w3.org\/2000\/svg\" xmlns:xlink=\"http:\/\/www.w3.org\/1999\/xlink\" id=\"Capa_1\" x=\"0px\" y=\"0px\" viewBox=\"0 0 512.002 512.002\" style=\"enable-background:new 0 0 512.002 512.002;\" xml:space=\"preserve\"><g>\t<g>\t\t<path d=\"M388.425,241.951L151.609,5.79c-7.759-7.733-20.321-7.72-28.067,0.04c-7.74,7.759-7.72,20.328,0.04,28.067l222.72,222.105    L123.574,478.106c-7.759,7.74-7.779,20.301-0.04,28.061c3.883,3.89,8.97,5.835,14.057,5.835c5.074,0,10.141-1.932,14.017-5.795    l236.817-236.155c3.737-3.718,5.834-8.778,5.834-14.05S392.156,245.676,388.425,241.951z\"><\/path>\t<\/g><\/g><g><\/g><g><\/g><g><\/g><g><\/g><g><\/g><g><\/g><g><\/g><g><\/g><g><\/g><g><\/g><g><\/g><g><\/g><g><\/g><g><\/g><g><\/g><\/svg>\t\t\t<\/span>\n\t\t\t\t\t\t\t\t\t<span class=\"elementor-button-text\">Fale conosco<\/span>\n\t\t\t\t\t<\/span>\n\t\t\t\t\t<\/a>\n\t\t\t\t\t\t\t\t<\/div>\n\t\t\t\t\t<\/div>\n\t\t<\/div>\n\t\t\t\t\t<\/div>\n\t\t<\/section>\n\t\t\t\t<\/div>\n\t\t","protected":false},"excerpt":{"rendered":"<p>Hand Bikes Desenvolvemos uma experi\u00eancia \u00fanica que combina jogo digital e hardware f\u00edsico. O projeto contou com tr\u00eas handbikes reais, adaptadas com sensores eletr\u00f4nicos, conectadas a um jogo de corrida virtual. P\u00e1gina inicial Experi\u00eancia Os participantes pedalam nas handbikes e competem entre si em tempo real, unindo acessibilidade, inova\u00e7\u00e3o e entretenimento em uma experi\u00eancia totalmente [&hellip;]<\/p>\n","protected":false},"author":19,"featured_media":0,"parent":0,"menu_order":0,"comment_status":"closed","ping_status":"closed","template":"elementor_header_footer","meta":{"inline_featured_image":false,"footnotes":""},"class_list":["post-3717","page","type-page","status-publish","hentry"],"_links":{"self":[{"href":"https:\/\/messier.com.br\/en\/wp-json\/wp\/v2\/pages\/3717","targetHints":{"allow":["GET"]}}],"collection":[{"href":"https:\/\/messier.com.br\/en\/wp-json\/wp\/v2\/pages"}],"about":[{"href":"https:\/\/messier.com.br\/en\/wp-json\/wp\/v2\/types\/page"}],"author":[{"embeddable":true,"href":"https:\/\/messier.com.br\/en\/wp-json\/wp\/v2\/users\/19"}],"replies":[{"embeddable":true,"href":"https:\/\/messier.com.br\/en\/wp-json\/wp\/v2\/comments?post=3717"}],"version-history":[{"count":25,"href":"https:\/\/messier.com.br\/en\/wp-json\/wp\/v2\/pages\/3717\/revisions"}],"predecessor-version":[{"id":4648,"href":"https:\/\/messier.com.br\/en\/wp-json\/wp\/v2\/pages\/3717\/revisions\/4648"}],"wp:attachment":[{"href":"https:\/\/messier.com.br\/en\/wp-json\/wp\/v2\/media?parent=3717"}],"curies":[{"name":"wp","href":"https:\/\/api.w.org\/{rel}","templated":true}]}}